{"id":100,"date":"2020-05-14T13:10:21","date_gmt":"2020-05-14T13:10:21","guid":{"rendered":"http:\/\/composites.ita-group.de\/?page_id=100"},"modified":"2022-07-15T11:33:15","modified_gmt":"2022-07-15T11:33:15","slug":"impressum","status":"publish","type":"page","link":"https:\/\/composites.ita-group.de\/en\/impressum\/","title":{"rendered":"Impressum"},"content":{"rendered":"<div data-elementor-type=\"wp-page\" data-elementor-id=\"100\" class=\"elementor elementor-100\">\n\t\t\t\t\t\t<section class=\"elementor-section elementor-top-section elementor-element elementor-element-e0556eb elementor-section-stretched elementor-section-boxed elementor-section-height-default elementor-section-height-default\" data-id=\"e0556eb\" data-element_type=\"section\" data-settings=\"{&quot;background_background&quot;:&quot;classic&quot;,&quot;stretch_section&quot;:&quot;section-stretched&quot;}\">\n\t\t\t\t\t\t<div class=\"elementor-container elementor-column-gap-default\">\n\t\t\t\t\t<div class=\"elementor-column elementor-col-100 elementor-top-column elementor-element elementor-element-0e31700\" data-id=\"0e31700\" data-element_type=\"column\">\n\t\t\t<div class=\"elementor-widget-wrap elementor-element-populated\">\n\t\t\t\t\t\t<section class=\"elementor-section elementor-inner-section elementor-element elementor-element-b22f2d0 elementor-section-height-min-height elementor-section-boxed elementor-section-height-default\" data-id=\"b22f2d0\" data-element_type=\"section\">\n\t\t\t\t\t\t<div class=\"elementor-container elementor-column-gap-default\">\n\t\t\t\t\t<div class=\"elementor-column elementor-col-100 elementor-inner-column elementor-element elementor-element-a8a9ca9\" data-id=\"a8a9ca9\" data-element_type=\"column\">\n\t\t\t<div class=\"elementor-widget-wrap\">\n\t\t\t\t\t\t\t<\/div>\n\t\t<\/div>\n\t\t\t\t\t<\/div>\n\t\t<\/section>\n\t\t\t\t<div class=\"elementor-element elementor-element-6b770ff elementor-widget elementor-widget-heading\" data-id=\"6b770ff\" data-element_type=\"widget\" data-widget_type=\"heading.default\">\n\t\t\t\t<div class=\"elementor-widget-container\">\n\t\t\t<h2 class=\"elementor-heading-title elementor-size-default\">Impressum<\/h2>\t\t<\/div>\n\t\t\t\t<\/div>\n\t\t\t\t<div class=\"elementor-element elementor-element-a3f2d54 elementor-widget elementor-widget-text-editor\" data-id=\"a3f2d54\" data-element_type=\"widget\" data-widget_type=\"text-editor.default\">\n\t\t\t\t<div class=\"elementor-widget-container\">\n\t\t\t\t\t\t\t<p>Angaben gem\u00e4\u00df Teledienstegesetz:<br \/>ITA Technologietransfer GmbH<br \/>Inhaltlich Verantwortlicher gem\u00e4\u00df \u00a7 6 MDStV:<br \/>Gesch\u00e4ftsf\u00fchrer: Dipl.-Ingenieur Markus Beckmann<br \/>Vaalser Str. 460<br \/>52074 Aachen<br \/>Tel.: +49-(0)241-80 23 431<br \/>Fax: +49-(0)241-80 22 421<br \/>info@ita-gmbh-ac.de<br \/>www.ita-gmbh-ac.de<br \/>Handelsregister Aachen: HRB 11710<br \/>USt-IdNr.: DE225317487<\/p><p>\u00a0<\/p><h4>Inhalt des Onlineangebotes<\/h4><p>Die ITA Technologietransfer GmbH \u00fcbernimmt keinerlei Gew\u00e4hr f\u00fcr die Aktualit\u00e4t, Korrektheit, Vollst\u00e4ndigkeit oder Qualit\u00e4t der bereitgestellten Informationen. Alle Angebote sind freibleibend und unverbindlich. Wir behalten es uns ausdr\u00fccklich vor, Teile oder das gesamte Angebot ohne gesonderte Ank\u00fcndigung zu ver\u00e4ndern, zu erg\u00e4nzen, zu l\u00f6schen oder die Ver\u00f6ffentlichung zeitweise oder endg\u00fcltig einzustellen.<\/p><h4>Haftung f\u00fcr Verweise (Links)<\/h4><p>Trotz sorgf\u00e4ltiger inhaltlicher Kontrolle \u00fcbernimmt die ITA Technologietransfer GmbH keine Haftung f\u00fcr die Inhalte externer Links. F\u00fcr den Inhalt der verlinkten Seiten sind ausschlie\u00dflich deren Betreiber verantwortlich.<\/p>\t\t\t\t\t\t<\/div>\n\t\t\t\t<\/div>\n\t\t\t\t<section class=\"elementor-section elementor-inner-section elementor-element elementor-element-1c22218 elementor-section-height-min-height elementor-section-boxed elementor-section-height-default\" data-id=\"1c22218\" data-element_type=\"section\">\n\t\t\t\t\t\t<div class=\"elementor-container elementor-column-gap-default\">\n\t\t\t\t\t<div class=\"elementor-column elementor-col-100 elementor-inner-column elementor-element elementor-element-9652308\" data-id=\"9652308\" data-element_type=\"column\">\n\t\t\t<div class=\"elementor-widget-wrap\">\n\t\t\t\t\t\t\t<\/div>\n\t\t<\/div>\n\t\t\t\t\t<\/div>\n\t\t<\/section>\n\t\t\t\t\t<\/div>\n\t\t<\/div>\n\t\t\t\t\t<\/div>\n\t\t<\/section>\n\t\t\t\t<\/div>","protected":false},"excerpt":{"rendered":"<p>Impressum Angaben gem\u00e4\u00df Teledienstegesetz:ITA Technologietransfer GmbHInhaltlich Verantwortlicher gem\u00e4\u00df \u00a7 6 MDStV:Gesch\u00e4ftsf\u00fchrer: Dipl.-Ingenieur Markus BeckmannVaalser Str. 46052074 AachenTel.: +49-(0)241-80 23 431Fax: +49-(0)241-80 22 421info@ita-gmbh-ac.dewww.ita-gmbh-ac.deHandelsregister Aachen: HRB 11710USt-IdNr.: DE225317487 \u00a0 Inhalt des Onlineangebotes Die ITA Technologietransfer GmbH \u00fcbernimmt keinerlei Gew\u00e4hr f\u00fcr die Aktualit\u00e4t, Korrektheit, Vollst\u00e4ndigkeit oder Qualit\u00e4t der bereitgestellten Informationen. Alle Angebote sind freibleibend und unverbindlich. Wir&#8230;<\/p>","protected":false},"author":1,"featured_media":0,"parent":0,"menu_order":0,"comment_status":"closed","ping_status":"closed","template":"","meta":{"_kad_post_transparent":"","_kad_post_title":"hide","_kad_post_layout":"fullwidth","_kad_post_sidebar_id":"","_kad_post_content_style":"unboxed","_kad_post_vertical_padding":"hide","_kad_post_feature":"hide","_kad_post_feature_position":"","_kad_post_header":false,"_kad_post_footer":false},"yoast_head":"<!-- This site is optimized with the Yoast SEO plugin v21.5 - https:\/\/yoast.com\/wordpress\/plugins\/seo\/ -->\n<title>Impressum - ITA.Composites<\/title>\n<meta name=\"robots\" content=\"index, follow, max-snippet:-1, max-image-preview:large, max-video-preview:-1\" \/>\n<link rel=\"canonical\" href=\"https:\/\/composites.ita-group.de\/en\/impressum\/\" \/>\n<meta property=\"og:locale\" content=\"en_GB\" \/>\n<meta property=\"og:type\" content=\"article\" \/>\n<meta property=\"og:title\" content=\"Impressum - ITA.Composites\" \/>\n<meta property=\"og:description\" content=\"Impressum Angaben gem\u00e4\u00df Teledienstegesetz:ITA Technologietransfer GmbHInhaltlich Verantwortlicher gem\u00e4\u00df \u00a7 6 MDStV:Gesch\u00e4ftsf\u00fchrer: Dipl.-Ingenieur Markus BeckmannVaalser Str. 46052074 AachenTel.: +49-(0)241-80 23 431Fax: +49-(0)241-80 22 421info@ita-gmbh-ac.dewww.ita-gmbh-ac.deHandelsregister Aachen: HRB 11710USt-IdNr.: DE225317487 \u00a0 Inhalt des Onlineangebotes Die ITA Technologietransfer GmbH \u00fcbernimmt keinerlei Gew\u00e4hr f\u00fcr die Aktualit\u00e4t, Korrektheit, Vollst\u00e4ndigkeit oder Qualit\u00e4t der bereitgestellten Informationen. Alle Angebote sind freibleibend und unverbindlich. Wir...\" \/>\n<meta property=\"og:url\" content=\"https:\/\/composites.ita-group.de\/en\/impressum\/\" \/>\n<meta property=\"og:site_name\" content=\"ITA.Composites\" \/>\n<meta property=\"article:publisher\" content=\"https:\/\/de-de.facebook.com\/TextiltechnikAachen\/\" \/>\n<meta property=\"article:modified_time\" content=\"2022-07-15T11:33:15+00:00\" \/>\n<meta name=\"twitter:card\" content=\"summary_large_image\" \/>\n<meta name=\"twitter:site\" content=\"@ita_rwthaachen\" \/>\n<meta name=\"twitter:label1\" content=\"Estimated reading time\" \/>\n\t<meta name=\"twitter:data1\" content=\"1 minute\" \/>\n<script type=\"application\/ld+json\" class=\"yoast-schema-graph\">{\"@context\":\"https:\/\/schema.org\",\"@graph\":[{\"@type\":\"WebPage\",\"@id\":\"https:\/\/composites.ita-group.de\/impressum\/\",\"url\":\"https:\/\/composites.ita-group.de\/impressum\/\",\"name\":\"Impressum - ITA.Composites\",\"isPartOf\":{\"@id\":\"https:\/\/composites.ita-group.de\/#website\"},\"datePublished\":\"2020-05-14T13:10:21+00:00\",\"dateModified\":\"2022-07-15T11:33:15+00:00\",\"breadcrumb\":{\"@id\":\"https:\/\/composites.ita-group.de\/impressum\/#breadcrumb\"},\"inLanguage\":\"en-GB\",\"potentialAction\":[{\"@type\":\"ReadAction\",\"target\":[\"https:\/\/composites.ita-group.de\/impressum\/\"]}]},{\"@type\":\"BreadcrumbList\",\"@id\":\"https:\/\/composites.ita-group.de\/impressum\/#breadcrumb\",\"itemListElement\":[{\"@type\":\"ListItem\",\"position\":1,\"name\":\"Startseite\",\"item\":\"https:\/\/composites.ita-group.de\/\"},{\"@type\":\"ListItem\",\"position\":2,\"name\":\"Impressum\"}]},{\"@type\":\"WebSite\",\"@id\":\"https:\/\/composites.ita-group.de\/#website\",\"url\":\"https:\/\/composites.ita-group.de\/\",\"name\":\"ITA.Composites\",\"description\":\"Website der ITA Composite Bereiche\",\"publisher\":{\"@id\":\"https:\/\/composites.ita-group.de\/#organization\"},\"potentialAction\":[{\"@type\":\"SearchAction\",\"target\":{\"@type\":\"EntryPoint\",\"urlTemplate\":\"https:\/\/composites.ita-group.de\/?s={search_term_string}\"},\"query-input\":\"required name=search_term_string\"}],\"inLanguage\":\"en-GB\"},{\"@type\":\"Organization\",\"@id\":\"https:\/\/composites.ita-group.de\/#organization\",\"name\":\"RWTH Aachen Institut f\u00fcr Textiltechnik\",\"url\":\"https:\/\/composites.ita-group.de\/\",\"logo\":{\"@type\":\"ImageObject\",\"inLanguage\":\"en-GB\",\"@id\":\"https:\/\/composites.ita-group.de\/#\/schema\/logo\/image\/\",\"url\":\"https:\/\/composites.ita-group.de\/wp-content\/uploads\/2022\/06\/dkiM4t9q_400x400.png\",\"contentUrl\":\"https:\/\/composites.ita-group.de\/wp-content\/uploads\/2022\/06\/dkiM4t9q_400x400.png\",\"width\":372,\"height\":372,\"caption\":\"RWTH Aachen Institut f\u00fcr Textiltechnik\"},\"image\":{\"@id\":\"https:\/\/composites.ita-group.de\/#\/schema\/logo\/image\/\"},\"sameAs\":[\"https:\/\/de-de.facebook.com\/TextiltechnikAachen\/\",\"https:\/\/twitter.com\/ita_rwthaachen\"]}]}<\/script>\n<!-- \/ Yoast SEO plugin. -->","yoast_head_json":{"title":"Impressum - ITA.Composites","robots":{"index":"index","follow":"follow","max-snippet":"max-snippet:-1","max-image-preview":"max-image-preview:large","max-video-preview":"max-video-preview:-1"},"canonical":"https:\/\/composites.ita-group.de\/en\/impressum\/","og_locale":"en_GB","og_type":"article","og_title":"Impressum - ITA.Composites","og_description":"Impressum Angaben gem\u00e4\u00df Teledienstegesetz:ITA Technologietransfer GmbHInhaltlich Verantwortlicher gem\u00e4\u00df \u00a7 6 MDStV:Gesch\u00e4ftsf\u00fchrer: Dipl.-Ingenieur Markus BeckmannVaalser Str. 46052074 AachenTel.: +49-(0)241-80 23 431Fax: +49-(0)241-80 22 421info@ita-gmbh-ac.dewww.ita-gmbh-ac.deHandelsregister Aachen: HRB 11710USt-IdNr.: DE225317487 \u00a0 Inhalt des Onlineangebotes Die ITA Technologietransfer GmbH \u00fcbernimmt keinerlei Gew\u00e4hr f\u00fcr die Aktualit\u00e4t, Korrektheit, Vollst\u00e4ndigkeit oder Qualit\u00e4t der bereitgestellten Informationen. Alle Angebote sind freibleibend und unverbindlich. Wir...","og_url":"https:\/\/composites.ita-group.de\/en\/impressum\/","og_site_name":"ITA.Composites","article_publisher":"https:\/\/de-de.facebook.com\/TextiltechnikAachen\/","article_modified_time":"2022-07-15T11:33:15+00:00","twitter_card":"summary_large_image","twitter_site":"@ita_rwthaachen","twitter_misc":{"Estimated reading time":"1 minute"},"schema":{"@context":"https:\/\/schema.org","@graph":[{"@type":"WebPage","@id":"https:\/\/composites.ita-group.de\/impressum\/","url":"https:\/\/composites.ita-group.de\/impressum\/","name":"Impressum - ITA.Composites","isPartOf":{"@id":"https:\/\/composites.ita-group.de\/#website"},"datePublished":"2020-05-14T13:10:21+00:00","dateModified":"2022-07-15T11:33:15+00:00","breadcrumb":{"@id":"https:\/\/composites.ita-group.de\/impressum\/#breadcrumb"},"inLanguage":"en-GB","potentialAction":[{"@type":"ReadAction","target":["https:\/\/composites.ita-group.de\/impressum\/"]}]},{"@type":"BreadcrumbList","@id":"https:\/\/composites.ita-group.de\/impressum\/#breadcrumb","itemListElement":[{"@type":"ListItem","position":1,"name":"Startseite","item":"https:\/\/composites.ita-group.de\/"},{"@type":"ListItem","position":2,"name":"Impressum"}]},{"@type":"WebSite","@id":"https:\/\/composites.ita-group.de\/#website","url":"https:\/\/composites.ita-group.de\/","name":"ITA.Composites","description":"Website der ITA Composite Bereiche","publisher":{"@id":"https:\/\/composites.ita-group.de\/#organization"},"potentialAction":[{"@type":"SearchAction","target":{"@type":"EntryPoint","urlTemplate":"https:\/\/composites.ita-group.de\/?s={search_term_string}"},"query-input":"required name=search_term_string"}],"inLanguage":"en-GB"},{"@type":"Organization","@id":"https:\/\/composites.ita-group.de\/#organization","name":"RWTH Aachen Institut f\u00fcr Textiltechnik","url":"https:\/\/composites.ita-group.de\/","logo":{"@type":"ImageObject","inLanguage":"en-GB","@id":"https:\/\/composites.ita-group.de\/#\/schema\/logo\/image\/","url":"https:\/\/composites.ita-group.de\/wp-content\/uploads\/2022\/06\/dkiM4t9q_400x400.png","contentUrl":"https:\/\/composites.ita-group.de\/wp-content\/uploads\/2022\/06\/dkiM4t9q_400x400.png","width":372,"height":372,"caption":"RWTH Aachen Institut f\u00fcr Textiltechnik"},"image":{"@id":"https:\/\/composites.ita-group.de\/#\/schema\/logo\/image\/"},"sameAs":["https:\/\/de-de.facebook.com\/TextiltechnikAachen\/","https:\/\/twitter.com\/ita_rwthaachen"]}]}},"_links":{"self":[{"href":"https:\/\/composites.ita-group.de\/en\/wp-json\/wp\/v2\/pages\/100"}],"collection":[{"href":"https:\/\/composites.ita-group.de\/en\/wp-json\/wp\/v2\/pages"}],"about":[{"href":"https:\/\/composites.ita-group.de\/en\/wp-json\/wp\/v2\/types\/page"}],"author":[{"embeddable":true,"href":"https:\/\/composites.ita-group.de\/en\/wp-json\/wp\/v2\/users\/1"}],"replies":[{"embeddable":true,"href":"https:\/\/composites.ita-group.de\/en\/wp-json\/wp\/v2\/comments?post=100"}],"version-history":[{"count":7,"href":"https:\/\/composites.ita-group.de\/en\/wp-json\/wp\/v2\/pages\/100\/revisions"}],"predecessor-version":[{"id":1161,"href":"https:\/\/composites.ita-group.de\/en\/wp-json\/wp\/v2\/pages\/100\/revisions\/1161"}],"wp:attachment":[{"href":"https:\/\/composites.ita-group.de\/en\/wp-json\/wp\/v2\/media?parent=100"}],"curies":[{"name":"wp","href":"https:\/\/api.w.org\/{rel}","templated":true}]}}