{"id":102,"date":"2020-05-14T13:10:32","date_gmt":"2020-05-14T13:10:32","guid":{"rendered":"http:\/\/composites.ita-group.de\/?page_id=102"},"modified":"2021-05-18T14:18:15","modified_gmt":"2021-05-18T14:18:15","slug":"datenschutz","status":"publish","type":"page","link":"https:\/\/composites.ita-group.de\/en\/datenschutz\/","title":{"rendered":"Datenschutz"},"content":{"rendered":"<div data-elementor-type=\"wp-page\" data-elementor-id=\"102\" class=\"elementor elementor-102\">\n\t\t\t\t\t\t<section class=\"elementor-section elementor-top-section elementor-element elementor-element-f05480e elementor-section-stretched elementor-section-boxed elementor-section-height-default elementor-section-height-default\" data-id=\"f05480e\" data-element_type=\"section\" data-settings=\"{&quot;background_background&quot;:&quot;classic&quot;,&quot;stretch_section&quot;:&quot;section-stretched&quot;}\">\n\t\t\t\t\t\t<div class=\"elementor-container elementor-column-gap-default\">\n\t\t\t\t\t<div class=\"elementor-column elementor-col-100 elementor-top-column elementor-element elementor-element-bd37b23\" data-id=\"bd37b23\" data-element_type=\"column\">\n\t\t\t<div class=\"elementor-widget-wrap elementor-element-populated\">\n\t\t\t\t\t\t<section class=\"elementor-section elementor-inner-section elementor-element elementor-element-4163d17 elementor-section-height-min-height elementor-section-boxed elementor-section-height-default\" data-id=\"4163d17\" data-element_type=\"section\">\n\t\t\t\t\t\t<div class=\"elementor-container elementor-column-gap-default\">\n\t\t\t\t\t<div class=\"elementor-column elementor-col-100 elementor-inner-column elementor-element elementor-element-6c6ccde\" data-id=\"6c6ccde\" data-element_type=\"column\">\n\t\t\t<div class=\"elementor-widget-wrap\">\n\t\t\t\t\t\t\t<\/div>\n\t\t<\/div>\n\t\t\t\t\t<\/div>\n\t\t<\/section>\n\t\t\t\t<div class=\"elementor-element elementor-element-73a4259 elementor-widget elementor-widget-heading\" data-id=\"73a4259\" data-element_type=\"widget\" data-widget_type=\"heading.default\">\n\t\t\t\t<div class=\"elementor-widget-container\">\n\t\t\t<h2 class=\"elementor-heading-title elementor-size-default\">Datenschutz<\/h2>\t\t<\/div>\n\t\t\t\t<\/div>\n\t\t\t\t<div class=\"elementor-element elementor-element-f7e6ebf elementor-widget elementor-widget-text-editor\" data-id=\"f7e6ebf\" data-element_type=\"widget\" data-widget_type=\"text-editor.default\">\n\t\t\t\t<div class=\"elementor-widget-container\">\n\t\t\t\t\t\t\tSofern innerhalb des Internetangebotes die M\u00f6glichkeit zur Eingabe \npers\u00f6nlicher oder gesch\u00e4ftlicher Daten (E-Mail-Adressen, Namen, \nAnschriften) besteht, so erfolgt die Preisgabe dieser Daten seitens des \nNutzers auf ausdr\u00fccklich freiwilliger Basis.\nDie Nutzung der im Rahmen des Impressums oder vergleichbarer Angaben \nver\u00f6ffentlichten Kontaktdaten wie Postanschriften, Telefon- und \nFaxnummern sowie E-Mail-Adressen durch Dritte zur \u00dcbersendung von nicht \nausdr\u00fccklich angeforderten Informationen ist nicht gestattet. Rechtliche\n Schritte gegen die Versender von sogenannten Spam-Mails bei Verst\u00f6\u00dfen \ngegen dieses Verbot sind ausdr\u00fccklich vorbehalten.\n <br>\n<br>\n\n<h3><b>Datenschutzerkl\u00e4rung<\/b><\/h3>\n<h4>Allgemeines <\/h4>\nDie Betreiber dieser Seiten nehmen den Schutz Ihrer pers\u00f6nlichen Daten \nsehr ernst. Wir behandeln Ihre personenbezogenen Daten vertraulich und \nentsprechend der gesetzlichen Bestimmungen der europ\u00e4ischen \nDatenschutz-Grundverordnung (DSGVO) sowie dieser Datenschutzerkl\u00e4rung.<br>\nDie Nutzung unserer Webseite ist in der Regel ohne Angabe \npersonenbezogener Daten m\u00f6glich. Soweit auf unseren Seiten \npersonenbezogene Daten (beispielsweise Name, Anschrift oder \nE-Mail-Adressen) erhoben werden, erfolgt dies, soweit m\u00f6glich, stets auf\n freiwilliger Basis. Diese Daten werden ohne Ihre ausdr\u00fcckliche \nZustimmung nicht an Dritte weitergegeben. <br>\nWir weisen darauf hin, dass die Daten\u00fcbertragung im Internet (z.B. bei \nder Kommunikation per E-Mail) Sicherheitsl\u00fccken aufweisen kann. Ein \nl\u00fcckenloser Schutz der Daten vor dem Zugriff durch Dritte ist nicht \nm\u00f6glich.<br>\nDie Datenverarbeitung auf dieser Website erfolgt durch den \nWebsitebetreiber. Dessen Kontaktdaten k\u00f6nnen Sie dem Impressum dieser \nWebsite entnehmen.\n <br>\n<br>\n<h4>Datenerfassung<\/h4>\nIhre Daten werden dadurch erhoben, dass Sie uns diese mitteilen. <br>\nAndere Daten werden automatisch beim Besuch der Website durch den \nProvider der Seiten erhoben. Dieser speichert automatisch Informationen \nin so genannten Server-Log-Dateien. Das sind vor allem technische Daten,\n z.B.<br>\n\u2022\tInternetbrowser und verwendete Version<br>\n\u2022\tBetriebssystem <br>\n\u2022\tDatum und Uhrzeit des Seitenaufrufs<br>\n\u2022\tWebsites, von denen das System des Nutzers auf unsere Internetseite gelangt <br>\n\u2022\tWebsites, die vom System des Nutzers \u00fcber unsere Website aufgerufen werden <br>\n\u2022\tIP-Adresse des Nutzers <br>\nDie Erfassung dieser Daten erfolgt automatisch, sobald Sie unsere \nWebsite betreten. Eine Zusammenf\u00fchrung dieser Daten mit anderen \nDatenquellen wird nicht vorgenommen. <br>\nEin \u201eTracking\u201c (verfolgen der Nutzeraktivit\u00e4ten auf der Webseite) findet nicht statt. \n <br>\n<br>\nDiese Website nutzt den Dienst \u201eGoogle Analytics\u201c, welcher von der \nGoogle Inc. (1600 Amphitheatre Parkway Mountain View, CA 94043, USA) \nangeboten wird, zur Analyse der Websitebenutzung durch Nutzer. Der \nDienst verwendet \u201eCookies\u201c \u2013 Textdateien, welche auf Ihrem Endger\u00e4t \ngespeichert werden. Die durch die Cookies gesammelten Informationen \nwerden im Regelfall an einen Google-Server in den USA gesandt und dort \ngespeichert.\n\nAuf dieser Website greift die IP-Anonymisierung. Die IP-Adresse der \nNutzer wird innerhalb der Mitgliedsstaaten der EU und des Europ\u00e4ischen \nWirtschaftsraum gek\u00fcrzt. Durch diese K\u00fcrzung entf\u00e4llt der Personenbezug \nIhrer IP-Adresse. Im Rahmen der Vereinbarung zur \nAuftragsdatenvereinbarung, welche die Websitebetreiber mit der Google \nInc. geschlossen haben, erstellt diese mithilfe der gesammelten \nInformationen eine Auswertung der Websitenutzung und der \nWebsiteaktivit\u00e4t und erbringt mit der Internetnutzung verbundene \nDienstleistungen.\n\nSie haben die M\u00f6glichkeit, die Speicherung des Cookies auf Ihrem Ger\u00e4t \nzu verhindern, indem Sie in Ihrem Browser entsprechende Einstellungen \nvornehmen. Es ist nicht gew\u00e4hrleistet, dass Sie auf alle Funktionen \ndieser Website ohne Einschr\u00e4nkungen zugreifen k\u00f6nnen, wenn Ihr Browser \nkeine Cookies zul\u00e4sst.\n\nWeiterhin k\u00f6nnen Sie durch ein Browser-Plugin verhindern, dass die durch\n Cookies gesammelten Informationen (inklusive Ihrer IP-Adresse) an die \nGoogle Inc. gesendet und von der Google Inc. genutzt werden. Folgender \nLink f\u00fchrt Sie zu dem entsprechenden Plugin: \nhttps:\/\/tools.google.com\/dlpage\/gaoptout?hl=de\nHier finden Sie weitere Informationen zur Datennutzung durch die Google \nInc.: https:\/\/support.google.com\/analytics\/answer\/6004245?hl=de \n<br>\n<br>\n<h4>Verwendung von Cookies <\/h4>\nDie Internetseiten verwenden teilweise so genannte Cookies. Cookies \nrichten auf Ihrem Rechner keinen Schaden an und enthalten keine Viren. \nCookies dienen dazu, unser Angebot nutzerfreundlicher, effektiver und \nsicherer zu machen. Cookies sind kleine Textdateien, die auf Ihrem \nRechner abgelegt werden und die Ihr Browser speichert. <br>\nDie meisten der von uns verwendeten Cookies sind so genannte \n\u201cSession-Cookies\u201d. Sie werden nach Ende Ihres Besuchs automatisch \ngel\u00f6scht. Andere Cookies bleiben auf Ihrem Endger\u00e4t gespeichert bis Sie \ndiese l\u00f6schen. Diese Cookies erm\u00f6glichen es uns, Ihren Browser beim \nn\u00e4chsten Besuch wiederzuerkennen. <br>\nSie k\u00f6nnen Ihren Browser so einstellen, dass Sie \u00fcber das Setzen von \nCookies informiert werden und Cookies nur im Einzelfall erlauben, die \nAnnahme von Cookies f\u00fcr bestimmte F\u00e4lle oder generell ausschlie\u00dfen sowie\n das automatische L\u00f6schen der Cookies beim Schlie\u00dfen des Browser \naktivieren. Bei der Deaktivierung von Cookies kann die Funktionalit\u00e4t \ndieser Website eingeschr\u00e4nkt sein.\n<br>\n<br>\n<h4>Widerruf Ihrer Einwilligung zur Datenverarbeitung <\/h4>\nViele Datenverarbeitungsvorg\u00e4nge sind nur mit Ihrer ausdr\u00fccklichen \nEinwilligung m\u00f6glich. Sie k\u00f6nnen eine bereits erteilte Einwilligung \njederzeit widerrufen. Dazu reicht eine formlose Mitteilung per E-Mail an\n uns. Die Rechtm\u00e4\u00dfigkeit der bis zum Widerruf erfolgten \nDatenverarbeitung bleibt vom Widerruf unber\u00fchrt.\t\t\t\t\t\t<\/div>\n\t\t\t\t<\/div>\n\t\t\t\t<section class=\"elementor-section elementor-inner-section elementor-element elementor-element-c72a62d elementor-section-height-min-height elementor-section-boxed elementor-section-height-default\" data-id=\"c72a62d\" data-element_type=\"section\">\n\t\t\t\t\t\t<div class=\"elementor-container elementor-column-gap-default\">\n\t\t\t\t\t<div class=\"elementor-column elementor-col-100 elementor-inner-column elementor-element elementor-element-e668184\" data-id=\"e668184\" data-element_type=\"column\">\n\t\t\t<div class=\"elementor-widget-wrap\">\n\t\t\t\t\t\t\t<\/div>\n\t\t<\/div>\n\t\t\t\t\t<\/div>\n\t\t<\/section>\n\t\t\t\t\t<\/div>\n\t\t<\/div>\n\t\t\t\t\t<\/div>\n\t\t<\/section>\n\t\t\t\t<\/div>","protected":false},"excerpt":{"rendered":"<p>Datenschutz Sofern innerhalb des Internetangebotes die M\u00f6glichkeit zur Eingabe pers\u00f6nlicher oder gesch\u00e4ftlicher Daten (E-Mail-Adressen, Namen, Anschriften) besteht, so erfolgt die Preisgabe dieser Daten seitens des Nutzers auf ausdr\u00fccklich freiwilliger Basis. Die Nutzung der im Rahmen des Impressums oder vergleichbarer Angaben ver\u00f6ffentlichten Kontaktdaten wie Postanschriften, Telefon- und Faxnummern sowie E-Mail-Adressen durch Dritte zur \u00dcbersendung von nicht&#8230;<\/p>","protected":false},"author":1,"featured_media":0,"parent":0,"menu_order":0,"comment_status":"closed","ping_status":"closed","template":"","meta":{"_kad_post_transparent":"","_kad_post_title":"hide","_kad_post_layout":"fullwidth","_kad_post_sidebar_id":"","_kad_post_content_style":"unboxed","_kad_post_vertical_padding":"hide","_kad_post_feature":"hide","_kad_post_feature_position":"","_kad_post_header":false,"_kad_post_footer":false},"yoast_head":"<!-- This site is optimized with the Yoast SEO plugin v21.5 - https:\/\/yoast.com\/wordpress\/plugins\/seo\/ -->\n<title>Datenschutz - ITA.Composites<\/title>\n<meta name=\"robots\" content=\"index, follow, max-snippet:-1, max-image-preview:large, max-video-preview:-1\" \/>\n<link rel=\"canonical\" href=\"https:\/\/composites.ita-group.de\/en\/datenschutz\/\" \/>\n<meta property=\"og:locale\" content=\"en_GB\" \/>\n<meta property=\"og:type\" content=\"article\" \/>\n<meta property=\"og:title\" content=\"Datenschutz - ITA.Composites\" \/>\n<meta property=\"og:description\" content=\"Datenschutz Sofern innerhalb des Internetangebotes die M\u00f6glichkeit zur Eingabe pers\u00f6nlicher oder gesch\u00e4ftlicher Daten (E-Mail-Adressen, Namen, Anschriften) besteht, so erfolgt die Preisgabe dieser Daten seitens des Nutzers auf ausdr\u00fccklich freiwilliger Basis. Die Nutzung der im Rahmen des Impressums oder vergleichbarer Angaben ver\u00f6ffentlichten Kontaktdaten wie Postanschriften, Telefon- und Faxnummern sowie E-Mail-Adressen durch Dritte zur \u00dcbersendung von nicht...\" \/>\n<meta property=\"og:url\" content=\"https:\/\/composites.ita-group.de\/en\/datenschutz\/\" \/>\n<meta property=\"og:site_name\" content=\"ITA.Composites\" \/>\n<meta property=\"article:publisher\" content=\"https:\/\/de-de.facebook.com\/TextiltechnikAachen\/\" \/>\n<meta property=\"article:modified_time\" content=\"2021-05-18T14:18:15+00:00\" \/>\n<meta name=\"twitter:card\" content=\"summary_large_image\" \/>\n<meta name=\"twitter:site\" content=\"@ita_rwthaachen\" \/>\n<meta name=\"twitter:label1\" content=\"Estimated reading time\" \/>\n\t<meta name=\"twitter:data1\" content=\"4 minutes\" \/>\n<script type=\"application\/ld+json\" class=\"yoast-schema-graph\">{\"@context\":\"https:\/\/schema.org\",\"@graph\":[{\"@type\":\"WebPage\",\"@id\":\"https:\/\/composites.ita-group.de\/datenschutz\/\",\"url\":\"https:\/\/composites.ita-group.de\/datenschutz\/\",\"name\":\"Datenschutz - ITA.Composites\",\"isPartOf\":{\"@id\":\"https:\/\/composites.ita-group.de\/#website\"},\"datePublished\":\"2020-05-14T13:10:32+00:00\",\"dateModified\":\"2021-05-18T14:18:15+00:00\",\"breadcrumb\":{\"@id\":\"https:\/\/composites.ita-group.de\/datenschutz\/#breadcrumb\"},\"inLanguage\":\"en-GB\",\"potentialAction\":[{\"@type\":\"ReadAction\",\"target\":[\"https:\/\/composites.ita-group.de\/datenschutz\/\"]}]},{\"@type\":\"BreadcrumbList\",\"@id\":\"https:\/\/composites.ita-group.de\/datenschutz\/#breadcrumb\",\"itemListElement\":[{\"@type\":\"ListItem\",\"position\":1,\"name\":\"Startseite\",\"item\":\"https:\/\/composites.ita-group.de\/\"},{\"@type\":\"ListItem\",\"position\":2,\"name\":\"Datenschutz\"}]},{\"@type\":\"WebSite\",\"@id\":\"https:\/\/composites.ita-group.de\/#website\",\"url\":\"https:\/\/composites.ita-group.de\/\",\"name\":\"ITA.Composites\",\"description\":\"Website der ITA Composite Bereiche\",\"publisher\":{\"@id\":\"https:\/\/composites.ita-group.de\/#organization\"},\"potentialAction\":[{\"@type\":\"SearchAction\",\"target\":{\"@type\":\"EntryPoint\",\"urlTemplate\":\"https:\/\/composites.ita-group.de\/?s={search_term_string}\"},\"query-input\":\"required name=search_term_string\"}],\"inLanguage\":\"en-GB\"},{\"@type\":\"Organization\",\"@id\":\"https:\/\/composites.ita-group.de\/#organization\",\"name\":\"RWTH Aachen Institut f\u00fcr Textiltechnik\",\"url\":\"https:\/\/composites.ita-group.de\/\",\"logo\":{\"@type\":\"ImageObject\",\"inLanguage\":\"en-GB\",\"@id\":\"https:\/\/composites.ita-group.de\/#\/schema\/logo\/image\/\",\"url\":\"https:\/\/composites.ita-group.de\/wp-content\/uploads\/2022\/06\/dkiM4t9q_400x400.png\",\"contentUrl\":\"https:\/\/composites.ita-group.de\/wp-content\/uploads\/2022\/06\/dkiM4t9q_400x400.png\",\"width\":372,\"height\":372,\"caption\":\"RWTH Aachen Institut f\u00fcr Textiltechnik\"},\"image\":{\"@id\":\"https:\/\/composites.ita-group.de\/#\/schema\/logo\/image\/\"},\"sameAs\":[\"https:\/\/de-de.facebook.com\/TextiltechnikAachen\/\",\"https:\/\/twitter.com\/ita_rwthaachen\"]}]}<\/script>\n<!-- \/ Yoast SEO plugin. -->","yoast_head_json":{"title":"Datenschutz - ITA.Composites","robots":{"index":"index","follow":"follow","max-snippet":"max-snippet:-1","max-image-preview":"max-image-preview:large","max-video-preview":"max-video-preview:-1"},"canonical":"https:\/\/composites.ita-group.de\/en\/datenschutz\/","og_locale":"en_GB","og_type":"article","og_title":"Datenschutz - ITA.Composites","og_description":"Datenschutz Sofern innerhalb des Internetangebotes die M\u00f6glichkeit zur Eingabe pers\u00f6nlicher oder gesch\u00e4ftlicher Daten (E-Mail-Adressen, Namen, Anschriften) besteht, so erfolgt die Preisgabe dieser Daten seitens des Nutzers auf ausdr\u00fccklich freiwilliger Basis. Die Nutzung der im Rahmen des Impressums oder vergleichbarer Angaben ver\u00f6ffentlichten Kontaktdaten wie Postanschriften, Telefon- und Faxnummern sowie E-Mail-Adressen durch Dritte zur \u00dcbersendung von nicht...","og_url":"https:\/\/composites.ita-group.de\/en\/datenschutz\/","og_site_name":"ITA.Composites","article_publisher":"https:\/\/de-de.facebook.com\/TextiltechnikAachen\/","article_modified_time":"2021-05-18T14:18:15+00:00","twitter_card":"summary_large_image","twitter_site":"@ita_rwthaachen","twitter_misc":{"Estimated reading time":"4 minutes"},"schema":{"@context":"https:\/\/schema.org","@graph":[{"@type":"WebPage","@id":"https:\/\/composites.ita-group.de\/datenschutz\/","url":"https:\/\/composites.ita-group.de\/datenschutz\/","name":"Datenschutz - ITA.Composites","isPartOf":{"@id":"https:\/\/composites.ita-group.de\/#website"},"datePublished":"2020-05-14T13:10:32+00:00","dateModified":"2021-05-18T14:18:15+00:00","breadcrumb":{"@id":"https:\/\/composites.ita-group.de\/datenschutz\/#breadcrumb"},"inLanguage":"en-GB","potentialAction":[{"@type":"ReadAction","target":["https:\/\/composites.ita-group.de\/datenschutz\/"]}]},{"@type":"BreadcrumbList","@id":"https:\/\/composites.ita-group.de\/datenschutz\/#breadcrumb","itemListElement":[{"@type":"ListItem","position":1,"name":"Startseite","item":"https:\/\/composites.ita-group.de\/"},{"@type":"ListItem","position":2,"name":"Datenschutz"}]},{"@type":"WebSite","@id":"https:\/\/composites.ita-group.de\/#website","url":"https:\/\/composites.ita-group.de\/","name":"ITA.Composites","description":"Website der ITA Composite Bereiche","publisher":{"@id":"https:\/\/composites.ita-group.de\/#organization"},"potentialAction":[{"@type":"SearchAction","target":{"@type":"EntryPoint","urlTemplate":"https:\/\/composites.ita-group.de\/?s={search_term_string}"},"query-input":"required name=search_term_string"}],"inLanguage":"en-GB"},{"@type":"Organization","@id":"https:\/\/composites.ita-group.de\/#organization","name":"RWTH Aachen Institut f\u00fcr Textiltechnik","url":"https:\/\/composites.ita-group.de\/","logo":{"@type":"ImageObject","inLanguage":"en-GB","@id":"https:\/\/composites.ita-group.de\/#\/schema\/logo\/image\/","url":"https:\/\/composites.ita-group.de\/wp-content\/uploads\/2022\/06\/dkiM4t9q_400x400.png","contentUrl":"https:\/\/composites.ita-group.de\/wp-content\/uploads\/2022\/06\/dkiM4t9q_400x400.png","width":372,"height":372,"caption":"RWTH Aachen Institut f\u00fcr Textiltechnik"},"image":{"@id":"https:\/\/composites.ita-group.de\/#\/schema\/logo\/image\/"},"sameAs":["https:\/\/de-de.facebook.com\/TextiltechnikAachen\/","https:\/\/twitter.com\/ita_rwthaachen"]}]}},"_links":{"self":[{"href":"https:\/\/composites.ita-group.de\/en\/wp-json\/wp\/v2\/pages\/102"}],"collection":[{"href":"https:\/\/composites.ita-group.de\/en\/wp-json\/wp\/v2\/pages"}],"about":[{"href":"https:\/\/composites.ita-group.de\/en\/wp-json\/wp\/v2\/types\/page"}],"author":[{"embeddable":true,"href":"https:\/\/composites.ita-group.de\/en\/wp-json\/wp\/v2\/users\/1"}],"replies":[{"embeddable":true,"href":"https:\/\/composites.ita-group.de\/en\/wp-json\/wp\/v2\/comments?post=102"}],"version-history":[{"count":4,"href":"https:\/\/composites.ita-group.de\/en\/wp-json\/wp\/v2\/pages\/102\/revisions"}],"predecessor-version":[{"id":420,"href":"https:\/\/composites.ita-group.de\/en\/wp-json\/wp\/v2\/pages\/102\/revisions\/420"}],"wp:attachment":[{"href":"https:\/\/composites.ita-group.de\/en\/wp-json\/wp\/v2\/media?parent=102"}],"curies":[{"name":"wp","href":"https:\/\/api.w.org\/{rel}","templated":true}]}}