{"id":56,"date":"2020-05-14T12:27:42","date_gmt":"2020-05-14T12:27:42","guid":{"rendered":"http:\/\/composites.ita-group.de\/?page_id=56"},"modified":"2021-05-18T16:32:12","modified_gmt":"2021-05-18T16:32:12","slug":"simulation","status":"publish","type":"page","link":"https:\/\/composites.ita-group.de\/en\/simulation\/","title":{"rendered":"Simulation"},"content":{"rendered":"<div data-elementor-type=\"wp-page\" data-elementor-id=\"56\" class=\"elementor elementor-56\">\n\t\t\t\t\t\t<section class=\"elementor-section elementor-top-section elementor-element elementor-element-3e7031f elementor-section-stretched elementor-section-height-min-height elementor-section-items-bottom elementor-section-boxed elementor-section-height-default\" data-id=\"3e7031f\" data-element_type=\"section\" data-settings=\"{&quot;stretch_section&quot;:&quot;section-stretched&quot;,&quot;background_background&quot;:&quot;video&quot;,&quot;background_video_link&quot;:&quot;https:\\\/\\\/youtu.be\\\/fCH8WiAAIJ0&quot;}\">\n\t\t\t\t\t\t\t\t<div class=\"elementor-background-video-container elementor-hidden-phone\">\n\t\t\t\t\t\t\t\t\t\t\t\t\t<div class=\"elementor-background-video-embed\"><\/div>\n\t\t\t\t\t\t\t\t\t\t\t\t<\/div>\n\t\t\t\t\t\t\t\t\t<div class=\"elementor-background-overlay\"><\/div>\n\t\t\t\t\t\t\t<div class=\"elementor-container elementor-column-gap-default\">\n\t\t\t\t\t<div class=\"elementor-column elementor-col-100 elementor-top-column elementor-element elementor-element-8b6b2aa\" data-id=\"8b6b2aa\" data-element_type=\"column\">\n\t\t\t<div class=\"elementor-widget-wrap elementor-element-populated\">\n\t\t\t\t\t\t<div class=\"elementor-element elementor-element-3770cbe elementor-widget elementor-widget-heading\" data-id=\"3770cbe\" data-element_type=\"widget\" data-widget_type=\"heading.default\">\n\t\t\t\t<div class=\"elementor-widget-container\">\n\t\t\t<h1 class=\"elementor-heading-title elementor-size-xxl\">Simulation<\/h1>\t\t<\/div>\n\t\t\t\t<\/div>\n\t\t\t\t\t<\/div>\n\t\t<\/div>\n\t\t\t\t\t<\/div>\n\t\t<\/section>\n\t\t\t\t<section class=\"elementor-section elementor-top-section elementor-element elementor-element-7405b3a elementor-section-stretched elementor-section-boxed elementor-section-height-default elementor-section-height-default\" data-id=\"7405b3a\" data-element_type=\"section\" data-settings=\"{&quot;background_background&quot;:&quot;classic&quot;,&quot;stretch_section&quot;:&quot;section-stretched&quot;}\">\n\t\t\t\t\t\t<div class=\"elementor-container elementor-column-gap-default\">\n\t\t\t\t\t<div class=\"elementor-column elementor-col-100 elementor-top-column elementor-element elementor-element-a1e8e78\" data-id=\"a1e8e78\" data-element_type=\"column\">\n\t\t\t<div class=\"elementor-widget-wrap elementor-element-populated\">\n\t\t\t\t\t\t<section class=\"elementor-section elementor-inner-section elementor-element elementor-element-18a72d2 elementor-section-height-min-height elementor-section-boxed elementor-section-height-default\" data-id=\"18a72d2\" data-element_type=\"section\">\n\t\t\t\t\t\t<div class=\"elementor-container elementor-column-gap-default\">\n\t\t\t\t\t<div class=\"elementor-column elementor-col-100 elementor-inner-column elementor-element elementor-element-8482443\" data-id=\"8482443\" data-element_type=\"column\">\n\t\t\t<div class=\"elementor-widget-wrap\">\n\t\t\t\t\t\t\t<\/div>\n\t\t<\/div>\n\t\t\t\t\t<\/div>\n\t\t<\/section>\n\t\t\t\t<div class=\"elementor-element elementor-element-cf41610 elementor-widget elementor-widget-heading\" data-id=\"cf41610\" data-element_type=\"widget\" data-widget_type=\"heading.default\">\n\t\t\t\t<div class=\"elementor-widget-container\">\n\t\t\t<h2 class=\"elementor-heading-title elementor-size-default\">Themen<\/h2>\t\t<\/div>\n\t\t\t\t<\/div>\n\t\t\t\t<section class=\"elementor-section elementor-inner-section elementor-element elementor-element-74c0216 elementor-section-boxed elementor-section-height-default elementor-section-height-default\" data-id=\"74c0216\" data-element_type=\"section\">\n\t\t\t\t\t\t<div class=\"elementor-container elementor-column-gap-default\">\n\t\t\t\t\t<div class=\"elementor-column elementor-col-50 elementor-inner-column elementor-element elementor-element-ee28019\" data-id=\"ee28019\" data-element_type=\"column\">\n\t\t\t<div class=\"elementor-widget-wrap elementor-element-populated\">\n\t\t\t\t\t\t<div class=\"elementor-element elementor-element-c020d78 elementor-widget elementor-widget-text-editor\" data-id=\"c020d78\" data-element_type=\"widget\" data-widget_type=\"text-editor.default\">\n\t\t\t\t<div class=\"elementor-widget-container\">\n\t\t\t\t\t\t\t<ul><li>Die Prozesskette von Faserverbundkunststoffen beinhaltet viele Zwischenschritte, die entscheidend f\u00fcr die finalen Eigenschaften von Bauteilen sein k\u00f6nnen. Simulationen im Bereich FVK bieten die M\u00f6glichkeit, Bauteile auszulegen, aber auch die Zwischenschritte zu ber\u00fccksichtigen. <\/li><li>Die Simulationen k\u00f6nnen dabei einzelne Filamenten, Rovings, Textilien, Lagenaufbauten bis hin zu Bauteilen abbilden. Hierbei werden die Halbzeuge ausgelegt, Verformungen und Sch\u00e4digungsverhalten beobachtet oder Prozesseinfl\u00fcsse analysiert und verbessert.<\/li><\/ul>\t\t\t\t\t\t<\/div>\n\t\t\t\t<\/div>\n\t\t\t\t\t<\/div>\n\t\t<\/div>\n\t\t\t\t<div class=\"elementor-column elementor-col-50 elementor-inner-column elementor-element elementor-element-88b5898\" data-id=\"88b5898\" data-element_type=\"column\">\n\t\t\t<div class=\"elementor-widget-wrap elementor-element-populated\">\n\t\t\t\t\t\t<div class=\"elementor-element elementor-element-06719ec elementor-widget elementor-widget-image\" data-id=\"06719ec\" data-element_type=\"widget\" data-widget_type=\"image.default\">\n\t\t\t\t<div class=\"elementor-widget-container\">\n\t\t\t\t\t\t\t\t\t\t\t\t\t<img fetchpriority=\"high\" decoding=\"async\" width=\"1024\" height=\"431\" src=\"https:\/\/composites.ita-group.de\/wp-content\/uploads\/2021\/03\/Drapiersimulation-Double-Dome-1024x431.png\" class=\"attachment-large size-large wp-image-319\" alt=\"\" srcset=\"https:\/\/composites.ita-group.de\/wp-content\/uploads\/2021\/03\/Drapiersimulation-Double-Dome-1024x431.png 1024w, https:\/\/composites.ita-group.de\/wp-content\/uploads\/2021\/03\/Drapiersimulation-Double-Dome-300x126.png 300w, https:\/\/composites.ita-group.de\/wp-content\/uploads\/2021\/03\/Drapiersimulation-Double-Dome-768x324.png 768w, https:\/\/composites.ita-group.de\/wp-content\/uploads\/2021\/03\/Drapiersimulation-Double-Dome.png 1417w\" sizes=\"(max-width: 1024px) 100vw, 1024px\" \/>\t\t\t\t\t\t\t\t\t\t\t\t\t<\/div>\n\t\t\t\t<\/div>\n\t\t\t\t\t<\/div>\n\t\t<\/div>\n\t\t\t\t\t<\/div>\n\t\t<\/section>\n\t\t\t\t<section class=\"elementor-section elementor-inner-section elementor-element elementor-element-c4ad60b elementor-section-height-min-height elementor-section-boxed elementor-section-height-default\" data-id=\"c4ad60b\" data-element_type=\"section\">\n\t\t\t\t\t\t<div class=\"elementor-container elementor-column-gap-default\">\n\t\t\t\t\t<div class=\"elementor-column elementor-col-100 elementor-inner-column elementor-element elementor-element-694d083\" data-id=\"694d083\" data-element_type=\"column\">\n\t\t\t<div class=\"elementor-widget-wrap\">\n\t\t\t\t\t\t\t<\/div>\n\t\t<\/div>\n\t\t\t\t\t<\/div>\n\t\t<\/section>\n\t\t\t\t\t<\/div>\n\t\t<\/div>\n\t\t\t\t\t<\/div>\n\t\t<\/section>\n\t\t\t\t<section class=\"elementor-section elementor-top-section elementor-element elementor-element-92ff245 elementor-section-stretched elementor-section-boxed elementor-section-height-default elementor-section-height-default\" data-id=\"92ff245\" data-element_type=\"section\" data-settings=\"{&quot;stretch_section&quot;:&quot;section-stretched&quot;,&quot;background_background&quot;:&quot;classic&quot;}\">\n\t\t\t\t\t\t<div class=\"elementor-container elementor-column-gap-default\">\n\t\t\t\t\t<div class=\"elementor-column elementor-col-100 elementor-top-column elementor-element elementor-element-26c52ac\" data-id=\"26c52ac\" data-element_type=\"column\">\n\t\t\t<div class=\"elementor-widget-wrap elementor-element-populated\">\n\t\t\t\t\t\t<section class=\"elementor-section elementor-inner-section elementor-element elementor-element-743e9b4 elementor-section-height-min-height elementor-section-boxed elementor-section-height-default\" data-id=\"743e9b4\" data-element_type=\"section\">\n\t\t\t\t\t\t<div class=\"elementor-container elementor-column-gap-default\">\n\t\t\t\t\t<div class=\"elementor-column elementor-col-100 elementor-inner-column elementor-element elementor-element-d6dcb1c\" data-id=\"d6dcb1c\" data-element_type=\"column\">\n\t\t\t<div class=\"elementor-widget-wrap elementor-element-populated\">\n\t\t\t\t\t\t<div class=\"elementor-element elementor-element-eb41fa0 elementor-widget elementor-widget-heading\" data-id=\"eb41fa0\" data-element_type=\"widget\" data-widget_type=\"heading.default\">\n\t\t\t\t<div class=\"elementor-widget-container\">\n\t\t\t<h2 class=\"elementor-heading-title elementor-size-default\">Dienstleistungen<\/h2>\t\t<\/div>\n\t\t\t\t<\/div>\n\t\t\t\t\t<\/div>\n\t\t<\/div>\n\t\t\t\t\t<\/div>\n\t\t<\/section>\n\t\t\t\t<section class=\"elementor-section elementor-inner-section elementor-element elementor-element-3811f38 elementor-section-boxed elementor-section-height-default elementor-section-height-default\" data-id=\"3811f38\" data-element_type=\"section\">\n\t\t\t\t\t\t<div class=\"elementor-container elementor-column-gap-default\">\n\t\t\t\t\t<div class=\"elementor-column elementor-col-50 elementor-inner-column elementor-element elementor-element-3b315d2\" data-id=\"3b315d2\" data-element_type=\"column\">\n\t\t\t<div class=\"elementor-widget-wrap elementor-element-populated\">\n\t\t\t\t\t\t<div class=\"elementor-element elementor-element-a991589 elementor-widget elementor-widget-image\" data-id=\"a991589\" data-element_type=\"widget\" data-widget_type=\"image.default\">\n\t\t\t\t<div class=\"elementor-widget-container\">\n\t\t\t\t\t\t\t\t\t\t\t\t\t<img decoding=\"async\" width=\"1024\" height=\"298\" src=\"https:\/\/composites.ita-group.de\/wp-content\/uploads\/2021\/04\/PicIso0-1024x298.png\" class=\"attachment-large size-large wp-image-371\" alt=\"\" srcset=\"https:\/\/composites.ita-group.de\/wp-content\/uploads\/2021\/04\/PicIso0-1024x298.png 1024w, https:\/\/composites.ita-group.de\/wp-content\/uploads\/2021\/04\/PicIso0-300x87.png 300w, https:\/\/composites.ita-group.de\/wp-content\/uploads\/2021\/04\/PicIso0-768x223.png 768w, https:\/\/composites.ita-group.de\/wp-content\/uploads\/2021\/04\/PicIso0.png 1382w\" sizes=\"(max-width: 1024px) 100vw, 1024px\" \/>\t\t\t\t\t\t\t\t\t\t\t\t\t<\/div>\n\t\t\t\t<\/div>\n\t\t\t\t\t<\/div>\n\t\t<\/div>\n\t\t\t\t<div class=\"elementor-column elementor-col-50 elementor-inner-column elementor-element elementor-element-fd7fc58\" data-id=\"fd7fc58\" data-element_type=\"column\">\n\t\t\t<div class=\"elementor-widget-wrap elementor-element-populated\">\n\t\t\t\t\t\t<div class=\"elementor-element elementor-element-06890ec elementor-widget elementor-widget-text-editor\" data-id=\"06890ec\" data-element_type=\"widget\" data-widget_type=\"text-editor.default\">\n\t\t\t\t<div class=\"elementor-widget-container\">\n\t\t\t\t\t\t\t<ul><li>Simulationen werden durch den Wunsch der Digitalisierung immer bedeutender. Dabei k\u00f6nnen digitale Zwillings von realen Strukturen helfen, die Auslegungsdauern zu verk\u00fcrzen, die Erstellung von teuren Prototypen zu verhindern und eine generelle \u00dcbersicht \u00fcber die Verhaltensweise von Strukturen zu erlangen. <\/li><li>Wir bieten Simulationen im Bereich von Faserverbundkunststoffen entlang der gesamten Prozesskette an. Dabei k\u00f6nnen wir digitale Zwillinge von Fasern, Textilien und Bauteilen erstellen, analysieren und die Benutzung \u00fcber Automatisierung mittels Programmierung vereinfachen. <\/li><li>Neben den eigentlichen Simulationen bieten wir Schulungen \u00fcber Simulationen im Bereich der Faserverbundkunststoffe an.<\/li><\/ul>\t\t\t\t\t\t<\/div>\n\t\t\t\t<\/div>\n\t\t\t\t<div class=\"elementor-element elementor-element-2bdeb1c elementor-align-right elementor-widget elementor-widget-button\" data-id=\"2bdeb1c\" data-element_type=\"widget\" data-widget_type=\"button.default\">\n\t\t\t\t<div class=\"elementor-widget-container\">\n\t\t\t\t\t<div class=\"elementor-button-wrapper\">\n\t\t\t<a class=\"elementor-button elementor-button-link elementor-size-sm\" href=\"http:\/\/composites.ita-group.de\/en\/kontakt\/\">\n\t\t\t\t\t\t<span class=\"elementor-button-content-wrapper\">\n\t\t\t\t\t\t\t\t\t<span class=\"elementor-button-text\">Angebot anfragen<\/span>\n\t\t\t\t\t<\/span>\n\t\t\t\t\t<\/a>\n\t\t<\/div>\n\t\t\t\t<\/div>\n\t\t\t\t<\/div>\n\t\t\t\t\t<\/div>\n\t\t<\/div>\n\t\t\t\t\t<\/div>\n\t\t<\/section>\n\t\t\t\t<section class=\"elementor-section elementor-inner-section elementor-element elementor-element-d9dae44 elementor-section-height-min-height elementor-section-boxed elementor-section-height-default\" data-id=\"d9dae44\" data-element_type=\"section\">\n\t\t\t\t\t\t<div class=\"elementor-container elementor-column-gap-default\">\n\t\t\t\t\t<div class=\"elementor-column elementor-col-100 elementor-inner-column elementor-element elementor-element-8406f44\" data-id=\"8406f44\" data-element_type=\"column\">\n\t\t\t<div class=\"elementor-widget-wrap\">\n\t\t\t\t\t\t\t<\/div>\n\t\t<\/div>\n\t\t\t\t\t<\/div>\n\t\t<\/section>\n\t\t\t\t\t<\/div>\n\t\t<\/div>\n\t\t\t\t\t<\/div>\n\t\t<\/section>\n\t\t\t\t<section class=\"elementor-section elementor-top-section elementor-element elementor-element-6557297 elementor-section-boxed elementor-section-height-default elementor-section-height-default\" data-id=\"6557297\" data-element_type=\"section\">\n\t\t\t\t\t\t<div class=\"elementor-container elementor-column-gap-default\">\n\t\t\t\t\t<div class=\"elementor-column elementor-col-100 elementor-top-column elementor-element elementor-element-736cece\" data-id=\"736cece\" data-element_type=\"column\">\n\t\t\t<div class=\"elementor-widget-wrap\">\n\t\t\t\t\t\t\t<\/div>\n\t\t<\/div>\n\t\t\t\t\t<\/div>\n\t\t<\/section>\n\t\t\t\t<\/div>","protected":false},"excerpt":{"rendered":"<p>Simulation Themen Die Prozesskette von Faserverbundkunststoffen beinhaltet viele Zwischenschritte, die entscheidend f\u00fcr die finalen Eigenschaften von Bauteilen sein k\u00f6nnen. Simulationen im Bereich FVK bieten die M\u00f6glichkeit, Bauteile auszulegen, aber auch die Zwischenschritte zu ber\u00fccksichtigen. Die Simulationen k\u00f6nnen dabei einzelne Filamenten, Rovings, Textilien, Lagenaufbauten bis hin zu Bauteilen abbilden. Hierbei werden die Halbzeuge ausgelegt, Verformungen und&#8230;<\/p>","protected":false},"author":1,"featured_media":0,"parent":0,"menu_order":0,"comment_status":"closed","ping_status":"closed","template":"","meta":{"_kad_post_transparent":"","_kad_post_title":"hide","_kad_post_layout":"fullwidth","_kad_post_sidebar_id":"","_kad_post_content_style":"unboxed","_kad_post_vertical_padding":"hide","_kad_post_feature":"hide","_kad_post_feature_position":"","_kad_post_header":false,"_kad_post_footer":false},"yoast_head":"<!-- This site is optimized with the Yoast SEO plugin v21.5 - https:\/\/yoast.com\/wordpress\/plugins\/seo\/ -->\n<title>Simulation - ITA.Composites<\/title>\n<meta name=\"robots\" content=\"index, follow, max-snippet:-1, max-image-preview:large, max-video-preview:-1\" \/>\n<link rel=\"canonical\" href=\"https:\/\/composites.ita-group.de\/en\/simulation\/\" \/>\n<meta property=\"og:locale\" content=\"en_GB\" \/>\n<meta property=\"og:type\" content=\"article\" \/>\n<meta property=\"og:title\" content=\"Simulation - ITA.Composites\" \/>\n<meta property=\"og:description\" content=\"Simulation Themen Die Prozesskette von Faserverbundkunststoffen beinhaltet viele Zwischenschritte, die entscheidend f\u00fcr die finalen Eigenschaften von Bauteilen sein k\u00f6nnen. Simulationen im Bereich FVK bieten die M\u00f6glichkeit, Bauteile auszulegen, aber auch die Zwischenschritte zu ber\u00fccksichtigen. Die Simulationen k\u00f6nnen dabei einzelne Filamenten, Rovings, Textilien, Lagenaufbauten bis hin zu Bauteilen abbilden. Hierbei werden die Halbzeuge ausgelegt, Verformungen und...\" \/>\n<meta property=\"og:url\" content=\"https:\/\/composites.ita-group.de\/en\/simulation\/\" \/>\n<meta property=\"og:site_name\" content=\"ITA.Composites\" \/>\n<meta property=\"article:publisher\" content=\"https:\/\/de-de.facebook.com\/TextiltechnikAachen\/\" \/>\n<meta property=\"article:modified_time\" content=\"2021-05-18T16:32:12+00:00\" \/>\n<meta property=\"og:image\" content=\"http:\/\/composites.ita-group.de\/wp-content\/uploads\/2021\/03\/Drapiersimulation-Double-Dome-1024x431.png\" \/>\n<meta name=\"twitter:card\" content=\"summary_large_image\" \/>\n<meta name=\"twitter:site\" content=\"@ita_rwthaachen\" \/>\n<meta name=\"twitter:label1\" content=\"Estimated reading time\" \/>\n\t<meta name=\"twitter:data1\" content=\"1 minute\" \/>\n<script type=\"application\/ld+json\" class=\"yoast-schema-graph\">{\"@context\":\"https:\/\/schema.org\",\"@graph\":[{\"@type\":\"WebPage\",\"@id\":\"https:\/\/composites.ita-group.de\/simulation\/\",\"url\":\"https:\/\/composites.ita-group.de\/simulation\/\",\"name\":\"Simulation - ITA.Composites\",\"isPartOf\":{\"@id\":\"https:\/\/composites.ita-group.de\/#website\"},\"datePublished\":\"2020-05-14T12:27:42+00:00\",\"dateModified\":\"2021-05-18T16:32:12+00:00\",\"breadcrumb\":{\"@id\":\"https:\/\/composites.ita-group.de\/simulation\/#breadcrumb\"},\"inLanguage\":\"en-GB\",\"potentialAction\":[{\"@type\":\"ReadAction\",\"target\":[\"https:\/\/composites.ita-group.de\/simulation\/\"]}]},{\"@type\":\"BreadcrumbList\",\"@id\":\"https:\/\/composites.ita-group.de\/simulation\/#breadcrumb\",\"itemListElement\":[{\"@type\":\"ListItem\",\"position\":1,\"name\":\"Startseite\",\"item\":\"https:\/\/composites.ita-group.de\/\"},{\"@type\":\"ListItem\",\"position\":2,\"name\":\"Simulation\"}]},{\"@type\":\"WebSite\",\"@id\":\"https:\/\/composites.ita-group.de\/#website\",\"url\":\"https:\/\/composites.ita-group.de\/\",\"name\":\"ITA.Composites\",\"description\":\"Website der ITA Composite Bereiche\",\"publisher\":{\"@id\":\"https:\/\/composites.ita-group.de\/#organization\"},\"potentialAction\":[{\"@type\":\"SearchAction\",\"target\":{\"@type\":\"EntryPoint\",\"urlTemplate\":\"https:\/\/composites.ita-group.de\/?s={search_term_string}\"},\"query-input\":\"required name=search_term_string\"}],\"inLanguage\":\"en-GB\"},{\"@type\":\"Organization\",\"@id\":\"https:\/\/composites.ita-group.de\/#organization\",\"name\":\"RWTH Aachen Institut f\u00fcr Textiltechnik\",\"url\":\"https:\/\/composites.ita-group.de\/\",\"logo\":{\"@type\":\"ImageObject\",\"inLanguage\":\"en-GB\",\"@id\":\"https:\/\/composites.ita-group.de\/#\/schema\/logo\/image\/\",\"url\":\"https:\/\/composites.ita-group.de\/wp-content\/uploads\/2022\/06\/dkiM4t9q_400x400.png\",\"contentUrl\":\"https:\/\/composites.ita-group.de\/wp-content\/uploads\/2022\/06\/dkiM4t9q_400x400.png\",\"width\":372,\"height\":372,\"caption\":\"RWTH Aachen Institut f\u00fcr Textiltechnik\"},\"image\":{\"@id\":\"https:\/\/composites.ita-group.de\/#\/schema\/logo\/image\/\"},\"sameAs\":[\"https:\/\/de-de.facebook.com\/TextiltechnikAachen\/\",\"https:\/\/twitter.com\/ita_rwthaachen\"]}]}<\/script>\n<!-- \/ Yoast SEO plugin. -->","yoast_head_json":{"title":"Simulation - ITA.Composites","robots":{"index":"index","follow":"follow","max-snippet":"max-snippet:-1","max-image-preview":"max-image-preview:large","max-video-preview":"max-video-preview:-1"},"canonical":"https:\/\/composites.ita-group.de\/en\/simulation\/","og_locale":"en_GB","og_type":"article","og_title":"Simulation - ITA.Composites","og_description":"Simulation Themen Die Prozesskette von Faserverbundkunststoffen beinhaltet viele Zwischenschritte, die entscheidend f\u00fcr die finalen Eigenschaften von Bauteilen sein k\u00f6nnen. Simulationen im Bereich FVK bieten die M\u00f6glichkeit, Bauteile auszulegen, aber auch die Zwischenschritte zu ber\u00fccksichtigen. Die Simulationen k\u00f6nnen dabei einzelne Filamenten, Rovings, Textilien, Lagenaufbauten bis hin zu Bauteilen abbilden. Hierbei werden die Halbzeuge ausgelegt, Verformungen und...","og_url":"https:\/\/composites.ita-group.de\/en\/simulation\/","og_site_name":"ITA.Composites","article_publisher":"https:\/\/de-de.facebook.com\/TextiltechnikAachen\/","article_modified_time":"2021-05-18T16:32:12+00:00","og_image":[{"url":"http:\/\/composites.ita-group.de\/wp-content\/uploads\/2021\/03\/Drapiersimulation-Double-Dome-1024x431.png"}],"twitter_card":"summary_large_image","twitter_site":"@ita_rwthaachen","twitter_misc":{"Estimated reading time":"1 minute"},"schema":{"@context":"https:\/\/schema.org","@graph":[{"@type":"WebPage","@id":"https:\/\/composites.ita-group.de\/simulation\/","url":"https:\/\/composites.ita-group.de\/simulation\/","name":"Simulation - ITA.Composites","isPartOf":{"@id":"https:\/\/composites.ita-group.de\/#website"},"datePublished":"2020-05-14T12:27:42+00:00","dateModified":"2021-05-18T16:32:12+00:00","breadcrumb":{"@id":"https:\/\/composites.ita-group.de\/simulation\/#breadcrumb"},"inLanguage":"en-GB","potentialAction":[{"@type":"ReadAction","target":["https:\/\/composites.ita-group.de\/simulation\/"]}]},{"@type":"BreadcrumbList","@id":"https:\/\/composites.ita-group.de\/simulation\/#breadcrumb","itemListElement":[{"@type":"ListItem","position":1,"name":"Startseite","item":"https:\/\/composites.ita-group.de\/"},{"@type":"ListItem","position":2,"name":"Simulation"}]},{"@type":"WebSite","@id":"https:\/\/composites.ita-group.de\/#website","url":"https:\/\/composites.ita-group.de\/","name":"ITA.Composites","description":"Website der ITA Composite Bereiche","publisher":{"@id":"https:\/\/composites.ita-group.de\/#organization"},"potentialAction":[{"@type":"SearchAction","target":{"@type":"EntryPoint","urlTemplate":"https:\/\/composites.ita-group.de\/?s={search_term_string}"},"query-input":"required name=search_term_string"}],"inLanguage":"en-GB"},{"@type":"Organization","@id":"https:\/\/composites.ita-group.de\/#organization","name":"RWTH Aachen Institut f\u00fcr Textiltechnik","url":"https:\/\/composites.ita-group.de\/","logo":{"@type":"ImageObject","inLanguage":"en-GB","@id":"https:\/\/composites.ita-group.de\/#\/schema\/logo\/image\/","url":"https:\/\/composites.ita-group.de\/wp-content\/uploads\/2022\/06\/dkiM4t9q_400x400.png","contentUrl":"https:\/\/composites.ita-group.de\/wp-content\/uploads\/2022\/06\/dkiM4t9q_400x400.png","width":372,"height":372,"caption":"RWTH Aachen Institut f\u00fcr Textiltechnik"},"image":{"@id":"https:\/\/composites.ita-group.de\/#\/schema\/logo\/image\/"},"sameAs":["https:\/\/de-de.facebook.com\/TextiltechnikAachen\/","https:\/\/twitter.com\/ita_rwthaachen"]}]}},"_links":{"self":[{"href":"https:\/\/composites.ita-group.de\/en\/wp-json\/wp\/v2\/pages\/56"}],"collection":[{"href":"https:\/\/composites.ita-group.de\/en\/wp-json\/wp\/v2\/pages"}],"about":[{"href":"https:\/\/composites.ita-group.de\/en\/wp-json\/wp\/v2\/types\/page"}],"author":[{"embeddable":true,"href":"https:\/\/composites.ita-group.de\/en\/wp-json\/wp\/v2\/users\/1"}],"replies":[{"embeddable":true,"href":"https:\/\/composites.ita-group.de\/en\/wp-json\/wp\/v2\/comments?post=56"}],"version-history":[{"count":10,"href":"https:\/\/composites.ita-group.de\/en\/wp-json\/wp\/v2\/pages\/56\/revisions"}],"predecessor-version":[{"id":459,"href":"https:\/\/composites.ita-group.de\/en\/wp-json\/wp\/v2\/pages\/56\/revisions\/459"}],"wp:attachment":[{"href":"https:\/\/composites.ita-group.de\/en\/wp-json\/wp\/v2\/media?parent=56"}],"curies":[{"name":"wp","href":"https:\/\/api.w.org\/{rel}","templated":true}]}}