{"id":58,"date":"2020-05-14T12:28:05","date_gmt":"2020-05-14T12:28:05","guid":{"rendered":"http:\/\/composites.ita-group.de\/?page_id=58"},"modified":"2021-05-18T16:33:06","modified_gmt":"2021-05-18T16:33:06","slug":"composite-pruefungen","status":"publish","type":"page","link":"https:\/\/composites.ita-group.de\/en\/composite-pruefungen\/","title":{"rendered":"Composite Pr\u00fcfungen"},"content":{"rendered":"<div data-elementor-type=\"wp-page\" data-elementor-id=\"58\" class=\"elementor elementor-58\">\n\t\t\t\t\t\t<section class=\"elementor-section elementor-top-section elementor-element elementor-element-fa59bee elementor-section-stretched elementor-section-height-min-height elementor-section-items-bottom elementor-section-boxed elementor-section-height-default\" data-id=\"fa59bee\" data-element_type=\"section\" data-settings=\"{&quot;stretch_section&quot;:&quot;section-stretched&quot;,&quot;background_background&quot;:&quot;video&quot;,&quot;background_video_link&quot;:&quot;https:\\\/\\\/youtu.be\\\/fCH8WiAAIJ0&quot;}\">\n\t\t\t\t\t\t\t\t<div class=\"elementor-background-video-container elementor-hidden-phone\">\n\t\t\t\t\t\t\t\t\t\t\t\t\t<div class=\"elementor-background-video-embed\"><\/div>\n\t\t\t\t\t\t\t\t\t\t\t\t<\/div>\n\t\t\t\t\t\t\t\t\t<div class=\"elementor-background-overlay\"><\/div>\n\t\t\t\t\t\t\t<div class=\"elementor-container elementor-column-gap-default\">\n\t\t\t\t\t<div class=\"elementor-column elementor-col-100 elementor-top-column elementor-element elementor-element-63dea60\" data-id=\"63dea60\" data-element_type=\"column\">\n\t\t\t<div class=\"elementor-widget-wrap elementor-element-populated\">\n\t\t\t\t\t\t<div class=\"elementor-element elementor-element-f31ea86 elementor-widget elementor-widget-heading\" data-id=\"f31ea86\" data-element_type=\"widget\" data-widget_type=\"heading.default\">\n\t\t\t\t<div class=\"elementor-widget-container\">\n\t\t\t<h1 class=\"elementor-heading-title elementor-size-xxl\">Composite Pr\u00fcfungen<\/h1>\t\t<\/div>\n\t\t\t\t<\/div>\n\t\t\t\t\t<\/div>\n\t\t<\/div>\n\t\t\t\t\t<\/div>\n\t\t<\/section>\n\t\t\t\t<section class=\"elementor-section elementor-top-section elementor-element elementor-element-3d0c6df elementor-section-stretched elementor-section-boxed elementor-section-height-default elementor-section-height-default\" data-id=\"3d0c6df\" data-element_type=\"section\" data-settings=\"{&quot;background_background&quot;:&quot;classic&quot;,&quot;stretch_section&quot;:&quot;section-stretched&quot;}\">\n\t\t\t\t\t\t<div class=\"elementor-container elementor-column-gap-default\">\n\t\t\t\t\t<div class=\"elementor-column elementor-col-100 elementor-top-column elementor-element elementor-element-7de60fd\" data-id=\"7de60fd\" data-element_type=\"column\">\n\t\t\t<div class=\"elementor-widget-wrap elementor-element-populated\">\n\t\t\t\t\t\t<section class=\"elementor-section elementor-inner-section elementor-element elementor-element-48ae2a1 elementor-section-height-min-height elementor-section-boxed elementor-section-height-default\" data-id=\"48ae2a1\" data-element_type=\"section\">\n\t\t\t\t\t\t<div class=\"elementor-container elementor-column-gap-default\">\n\t\t\t\t\t<div class=\"elementor-column elementor-col-100 elementor-inner-column elementor-element elementor-element-d24c3ed\" data-id=\"d24c3ed\" data-element_type=\"column\">\n\t\t\t<div class=\"elementor-widget-wrap\">\n\t\t\t\t\t\t\t<\/div>\n\t\t<\/div>\n\t\t\t\t\t<\/div>\n\t\t<\/section>\n\t\t\t\t<div class=\"elementor-element elementor-element-df984f5 elementor-widget elementor-widget-heading\" data-id=\"df984f5\" data-element_type=\"widget\" data-widget_type=\"heading.default\">\n\t\t\t\t<div class=\"elementor-widget-container\">\n\t\t\t<h2 class=\"elementor-heading-title elementor-size-default\">Pr\u00fcfverfahren f\u00fcr Composites<\/h2>\t\t<\/div>\n\t\t\t\t<\/div>\n\t\t\t\t<section class=\"elementor-section elementor-inner-section elementor-element elementor-element-a1ba4f8 elementor-section-boxed elementor-section-height-default elementor-section-height-default\" data-id=\"a1ba4f8\" data-element_type=\"section\">\n\t\t\t\t\t\t<div class=\"elementor-container elementor-column-gap-default\">\n\t\t\t\t\t<div class=\"elementor-column elementor-col-50 elementor-inner-column elementor-element elementor-element-11d7373\" data-id=\"11d7373\" data-element_type=\"column\">\n\t\t\t<div class=\"elementor-widget-wrap elementor-element-populated\">\n\t\t\t\t\t\t<div class=\"elementor-element elementor-element-b3ab6de elementor-widget elementor-widget-text-editor\" data-id=\"b3ab6de\" data-element_type=\"widget\" data-widget_type=\"text-editor.default\">\n\t\t\t\t<div class=\"elementor-widget-container\">\n\t\t\t\t\t\t\t<ul><li>Zugpr\u00fcfung (ZwickRoell)<br \/>nach DIN EN ISO 527-4 \/ 527-5<br \/>Dehnungsmessung durch Videoextensometer<\/li><li>Druckpr\u00fcfung (ZwickRoell &#8211; Hydraulische Druckvorrichtung f\u00fcr Composites &#8211; HCCF) <br \/>nach DIN EN ISO 14126<br \/>Dehnungsmessung durch beidseitiges DMS-System<\/li><li>Interlaminare Scherfestigkeit (ZwickRoell &#8211; ILSS-Vorrichtung) <br \/>nach DIN EN ISO 14130 \/ ASTM 2344<\/li><li>Compression after Impact (ZwickRoell &#8211; CAI-Vorrichtung) <br \/>nach ASTM D7137 \/ D7137M-17<br \/>1. Gezielte Laminatsch\u00e4digung einbringen<br \/>2. Vermessung der Sch\u00e4digungsfl\u00e4che durch Micro-CT-Aufnahmen<br \/>3. Pr\u00fcfung der Restdruckfestigkeit<br \/>Dehnungsmessung durch beidseitiges DMS-System<\/li><li>Schubpr\u00fcfung (GrasseZur GZ S-100-Vorrichtung) <br \/>nach DIN EN ISO 20337<br \/>Dreidimensionale Dehnungsmessung w\u00e4hrend der Pr\u00fcfung durch ARAMIS-Stereokamerasystem<\/li><li>Weitere auf Anfrage &#8230;<\/li><\/ul>\t\t\t\t\t\t<\/div>\n\t\t\t\t<\/div>\n\t\t\t\t\t<\/div>\n\t\t<\/div>\n\t\t\t\t<div class=\"elementor-column elementor-col-50 elementor-inner-column elementor-element elementor-element-2ce1631\" data-id=\"2ce1631\" data-element_type=\"column\">\n\t\t\t<div class=\"elementor-widget-wrap elementor-element-populated\">\n\t\t\t\t\t\t<div class=\"elementor-element elementor-element-6650c89 elementor-widget elementor-widget-image\" data-id=\"6650c89\" data-element_type=\"widget\" data-widget_type=\"image.default\">\n\t\t\t\t<div class=\"elementor-widget-container\">\n\t\t\t\t\t\t\t\t\t\t\t\t\t<img fetchpriority=\"high\" decoding=\"async\" width=\"1024\" height=\"768\" src=\"https:\/\/composites.ita-group.de\/wp-content\/uploads\/2021\/03\/HCCF_2-e1616685991280-1024x768.png\" class=\"attachment-large size-large wp-image-320\" alt=\"\" srcset=\"https:\/\/composites.ita-group.de\/wp-content\/uploads\/2021\/03\/HCCF_2-e1616685991280-1024x768.png 1024w, https:\/\/composites.ita-group.de\/wp-content\/uploads\/2021\/03\/HCCF_2-e1616685991280-300x225.png 300w, https:\/\/composites.ita-group.de\/wp-content\/uploads\/2021\/03\/HCCF_2-e1616685991280-768x576.png 768w, https:\/\/composites.ita-group.de\/wp-content\/uploads\/2021\/03\/HCCF_2-e1616685991280-1536x1152.png 1536w, https:\/\/composites.ita-group.de\/wp-content\/uploads\/2021\/03\/HCCF_2-e1616685991280-2048x1536.png 2048w\" sizes=\"(max-width: 1024px) 100vw, 1024px\" \/>\t\t\t\t\t\t\t\t\t\t\t\t\t<\/div>\n\t\t\t\t<\/div>\n\t\t\t\t\t<\/div>\n\t\t<\/div>\n\t\t\t\t\t<\/div>\n\t\t<\/section>\n\t\t\t\t<section class=\"elementor-section elementor-inner-section elementor-element elementor-element-ceb8228 elementor-section-height-min-height elementor-section-boxed elementor-section-height-default\" data-id=\"ceb8228\" data-element_type=\"section\">\n\t\t\t\t\t\t<div class=\"elementor-container elementor-column-gap-default\">\n\t\t\t\t\t<div class=\"elementor-column elementor-col-100 elementor-inner-column elementor-element elementor-element-b9c1252\" data-id=\"b9c1252\" data-element_type=\"column\">\n\t\t\t<div class=\"elementor-widget-wrap\">\n\t\t\t\t\t\t\t<\/div>\n\t\t<\/div>\n\t\t\t\t\t<\/div>\n\t\t<\/section>\n\t\t\t\t\t<\/div>\n\t\t<\/div>\n\t\t\t\t\t<\/div>\n\t\t<\/section>\n\t\t\t\t<section class=\"elementor-section elementor-top-section elementor-element elementor-element-79eca7e elementor-section-stretched elementor-section-boxed elementor-section-height-default elementor-section-height-default\" data-id=\"79eca7e\" data-element_type=\"section\" data-settings=\"{&quot;stretch_section&quot;:&quot;section-stretched&quot;,&quot;background_background&quot;:&quot;classic&quot;}\">\n\t\t\t\t\t\t<div class=\"elementor-container elementor-column-gap-default\">\n\t\t\t\t\t<div class=\"elementor-column elementor-col-100 elementor-top-column elementor-element elementor-element-a4f7b13\" data-id=\"a4f7b13\" data-element_type=\"column\">\n\t\t\t<div class=\"elementor-widget-wrap elementor-element-populated\">\n\t\t\t\t\t\t<section class=\"elementor-section elementor-inner-section elementor-element elementor-element-2e58d49 elementor-section-height-min-height elementor-section-boxed elementor-section-height-default\" data-id=\"2e58d49\" data-element_type=\"section\">\n\t\t\t\t\t\t<div class=\"elementor-container elementor-column-gap-default\">\n\t\t\t\t\t<div class=\"elementor-column elementor-col-100 elementor-inner-column elementor-element elementor-element-2b4c901\" data-id=\"2b4c901\" data-element_type=\"column\">\n\t\t\t<div class=\"elementor-widget-wrap elementor-element-populated\">\n\t\t\t\t\t\t<div class=\"elementor-element elementor-element-4c6437a elementor-widget elementor-widget-heading\" data-id=\"4c6437a\" data-element_type=\"widget\" data-widget_type=\"heading.default\">\n\t\t\t\t<div class=\"elementor-widget-container\">\n\t\t\t<h2 class=\"elementor-heading-title elementor-size-default\">Dienstleistungen<\/h2>\t\t<\/div>\n\t\t\t\t<\/div>\n\t\t\t\t\t<\/div>\n\t\t<\/div>\n\t\t\t\t\t<\/div>\n\t\t<\/section>\n\t\t\t\t<section class=\"elementor-section elementor-inner-section elementor-element elementor-element-2a95f42 elementor-section-boxed elementor-section-height-default elementor-section-height-default\" data-id=\"2a95f42\" data-element_type=\"section\">\n\t\t\t\t\t\t<div class=\"elementor-container elementor-column-gap-default\">\n\t\t\t\t\t<div class=\"elementor-column elementor-col-50 elementor-inner-column elementor-element elementor-element-2423fa7\" data-id=\"2423fa7\" data-element_type=\"column\">\n\t\t\t<div class=\"elementor-widget-wrap elementor-element-populated\">\n\t\t\t\t\t\t<div class=\"elementor-element elementor-element-0f0df61 elementor-widget elementor-widget-image\" data-id=\"0f0df61\" data-element_type=\"widget\" data-widget_type=\"image.default\">\n\t\t\t\t<div class=\"elementor-widget-container\">\n\t\t\t\t\t\t\t\t\t\t\t\t\t<img decoding=\"async\" width=\"826\" height=\"459\" src=\"https:\/\/composites.ita-group.de\/wp-content\/uploads\/2021\/04\/ILSS_2.png\" class=\"attachment-large size-large wp-image-383\" alt=\"\" srcset=\"https:\/\/composites.ita-group.de\/wp-content\/uploads\/2021\/04\/ILSS_2.png 826w, https:\/\/composites.ita-group.de\/wp-content\/uploads\/2021\/04\/ILSS_2-300x167.png 300w, https:\/\/composites.ita-group.de\/wp-content\/uploads\/2021\/04\/ILSS_2-768x427.png 768w\" sizes=\"(max-width: 826px) 100vw, 826px\" \/>\t\t\t\t\t\t\t\t\t\t\t\t\t<\/div>\n\t\t\t\t<\/div>\n\t\t\t\t\t<\/div>\n\t\t<\/div>\n\t\t\t\t<div class=\"elementor-column elementor-col-50 elementor-inner-column elementor-element elementor-element-aa08ce9\" data-id=\"aa08ce9\" data-element_type=\"column\">\n\t\t\t<div class=\"elementor-widget-wrap elementor-element-populated\">\n\t\t\t\t\t\t<div class=\"elementor-element elementor-element-c092b45 elementor-widget elementor-widget-text-editor\" data-id=\"c092b45\" data-element_type=\"widget\" data-widget_type=\"text-editor.default\">\n\t\t\t\t<div class=\"elementor-widget-container\">\n\t\t\t\t\t\t\t<p>Die oben aufgef\u00fchrte Liste stellt nur eine Auswahl unserer Pr\u00fcfverfahren dar.<br \/><br \/>Haben Sie Interesse an Pr\u00fcfm\u00f6glichkeiten von Composites? Dann fragen Sie gerne direkt ein Angebot an.<\/p>\t\t\t\t\t\t<\/div>\n\t\t\t\t<\/div>\n\t\t\t\t<div class=\"elementor-element elementor-element-4747dd9 elementor-align-right elementor-widget elementor-widget-button\" data-id=\"4747dd9\" data-element_type=\"widget\" data-widget_type=\"button.default\">\n\t\t\t\t<div class=\"elementor-widget-container\">\n\t\t\t\t\t<div class=\"elementor-button-wrapper\">\n\t\t\t<a class=\"elementor-button elementor-button-link elementor-size-sm\" href=\"http:\/\/composites.ita-group.de\/en\/kontakt\/\">\n\t\t\t\t\t\t<span class=\"elementor-button-content-wrapper\">\n\t\t\t\t\t\t\t\t\t<span class=\"elementor-button-text\">Angebot anfragen<\/span>\n\t\t\t\t\t<\/span>\n\t\t\t\t\t<\/a>\n\t\t<\/div>\n\t\t\t\t<\/div>\n\t\t\t\t<\/div>\n\t\t\t\t\t<\/div>\n\t\t<\/div>\n\t\t\t\t\t<\/div>\n\t\t<\/section>\n\t\t\t\t<section class=\"elementor-section elementor-inner-section elementor-element elementor-element-b87030d elementor-section-height-min-height elementor-section-boxed elementor-section-height-default\" data-id=\"b87030d\" data-element_type=\"section\">\n\t\t\t\t\t\t<div class=\"elementor-container elementor-column-gap-default\">\n\t\t\t\t\t<div class=\"elementor-column elementor-col-100 elementor-inner-column elementor-element elementor-element-942c2d5\" data-id=\"942c2d5\" data-element_type=\"column\">\n\t\t\t<div class=\"elementor-widget-wrap\">\n\t\t\t\t\t\t\t<\/div>\n\t\t<\/div>\n\t\t\t\t\t<\/div>\n\t\t<\/section>\n\t\t\t\t\t<\/div>\n\t\t<\/div>\n\t\t\t\t\t<\/div>\n\t\t<\/section>\n\t\t\t\t<\/div>","protected":false},"excerpt":{"rendered":"<p>Composite Pr\u00fcfungen Pr\u00fcfverfahren f\u00fcr Composites Zugpr\u00fcfung (ZwickRoell)nach DIN EN ISO 527-4 \/ 527-5Dehnungsmessung durch Videoextensometer Druckpr\u00fcfung (ZwickRoell &#8211; Hydraulische Druckvorrichtung f\u00fcr Composites &#8211; HCCF) nach DIN EN ISO 14126Dehnungsmessung durch beidseitiges DMS-System Interlaminare Scherfestigkeit (ZwickRoell &#8211; ILSS-Vorrichtung) nach DIN EN ISO 14130 \/ ASTM 2344 Compression after Impact (ZwickRoell &#8211; CAI-Vorrichtung) nach ASTM D7137 \/&#8230;<\/p>","protected":false},"author":1,"featured_media":0,"parent":0,"menu_order":0,"comment_status":"closed","ping_status":"closed","template":"","meta":{"_kad_post_transparent":"","_kad_post_title":"hide","_kad_post_layout":"fullwidth","_kad_post_sidebar_id":"","_kad_post_content_style":"unboxed","_kad_post_vertical_padding":"hide","_kad_post_feature":"hide","_kad_post_feature_position":"","_kad_post_header":false,"_kad_post_footer":false},"yoast_head":"<!-- This site is optimized with the Yoast SEO plugin v21.5 - https:\/\/yoast.com\/wordpress\/plugins\/seo\/ -->\n<title>Composite Pr\u00fcfungen - ITA.Composites<\/title>\n<meta name=\"robots\" content=\"index, follow, max-snippet:-1, max-image-preview:large, max-video-preview:-1\" \/>\n<link rel=\"canonical\" href=\"https:\/\/composites.ita-group.de\/en\/composite-pruefungen\/\" \/>\n<meta property=\"og:locale\" content=\"en_GB\" \/>\n<meta property=\"og:type\" content=\"article\" \/>\n<meta property=\"og:title\" content=\"Composite Pr\u00fcfungen - ITA.Composites\" \/>\n<meta property=\"og:description\" content=\"Composite Pr\u00fcfungen Pr\u00fcfverfahren f\u00fcr Composites Zugpr\u00fcfung (ZwickRoell)nach DIN EN ISO 527-4 \/ 527-5Dehnungsmessung durch Videoextensometer Druckpr\u00fcfung (ZwickRoell &#8211; Hydraulische Druckvorrichtung f\u00fcr Composites &#8211; HCCF) nach DIN EN ISO 14126Dehnungsmessung durch beidseitiges DMS-System Interlaminare Scherfestigkeit (ZwickRoell &#8211; ILSS-Vorrichtung) nach DIN EN ISO 14130 \/ ASTM 2344 Compression after Impact (ZwickRoell &#8211; CAI-Vorrichtung) nach ASTM D7137 \/...\" \/>\n<meta property=\"og:url\" content=\"https:\/\/composites.ita-group.de\/en\/composite-pruefungen\/\" \/>\n<meta property=\"og:site_name\" content=\"ITA.Composites\" \/>\n<meta property=\"article:publisher\" content=\"https:\/\/de-de.facebook.com\/TextiltechnikAachen\/\" \/>\n<meta property=\"article:modified_time\" content=\"2021-05-18T16:33:06+00:00\" \/>\n<meta property=\"og:image\" content=\"http:\/\/composites.ita-group.de\/wp-content\/uploads\/2021\/03\/HCCF_2-e1616685991280-1024x768.png\" \/>\n<meta name=\"twitter:card\" content=\"summary_large_image\" \/>\n<meta name=\"twitter:site\" content=\"@ita_rwthaachen\" \/>\n<meta name=\"twitter:label1\" content=\"Estimated reading time\" \/>\n\t<meta name=\"twitter:data1\" content=\"1 minute\" \/>\n<script type=\"application\/ld+json\" class=\"yoast-schema-graph\">{\"@context\":\"https:\/\/schema.org\",\"@graph\":[{\"@type\":\"WebPage\",\"@id\":\"https:\/\/composites.ita-group.de\/composite-pruefungen\/\",\"url\":\"https:\/\/composites.ita-group.de\/composite-pruefungen\/\",\"name\":\"Composite Pr\u00fcfungen - ITA.Composites\",\"isPartOf\":{\"@id\":\"https:\/\/composites.ita-group.de\/#website\"},\"datePublished\":\"2020-05-14T12:28:05+00:00\",\"dateModified\":\"2021-05-18T16:33:06+00:00\",\"breadcrumb\":{\"@id\":\"https:\/\/composites.ita-group.de\/composite-pruefungen\/#breadcrumb\"},\"inLanguage\":\"en-GB\",\"potentialAction\":[{\"@type\":\"ReadAction\",\"target\":[\"https:\/\/composites.ita-group.de\/composite-pruefungen\/\"]}]},{\"@type\":\"BreadcrumbList\",\"@id\":\"https:\/\/composites.ita-group.de\/composite-pruefungen\/#breadcrumb\",\"itemListElement\":[{\"@type\":\"ListItem\",\"position\":1,\"name\":\"Startseite\",\"item\":\"https:\/\/composites.ita-group.de\/\"},{\"@type\":\"ListItem\",\"position\":2,\"name\":\"Composite Pr\u00fcfungen\"}]},{\"@type\":\"WebSite\",\"@id\":\"https:\/\/composites.ita-group.de\/#website\",\"url\":\"https:\/\/composites.ita-group.de\/\",\"name\":\"ITA.Composites\",\"description\":\"Website der ITA Composite Bereiche\",\"publisher\":{\"@id\":\"https:\/\/composites.ita-group.de\/#organization\"},\"potentialAction\":[{\"@type\":\"SearchAction\",\"target\":{\"@type\":\"EntryPoint\",\"urlTemplate\":\"https:\/\/composites.ita-group.de\/?s={search_term_string}\"},\"query-input\":\"required name=search_term_string\"}],\"inLanguage\":\"en-GB\"},{\"@type\":\"Organization\",\"@id\":\"https:\/\/composites.ita-group.de\/#organization\",\"name\":\"RWTH Aachen Institut f\u00fcr Textiltechnik\",\"url\":\"https:\/\/composites.ita-group.de\/\",\"logo\":{\"@type\":\"ImageObject\",\"inLanguage\":\"en-GB\",\"@id\":\"https:\/\/composites.ita-group.de\/#\/schema\/logo\/image\/\",\"url\":\"https:\/\/composites.ita-group.de\/wp-content\/uploads\/2022\/06\/dkiM4t9q_400x400.png\",\"contentUrl\":\"https:\/\/composites.ita-group.de\/wp-content\/uploads\/2022\/06\/dkiM4t9q_400x400.png\",\"width\":372,\"height\":372,\"caption\":\"RWTH Aachen Institut f\u00fcr Textiltechnik\"},\"image\":{\"@id\":\"https:\/\/composites.ita-group.de\/#\/schema\/logo\/image\/\"},\"sameAs\":[\"https:\/\/de-de.facebook.com\/TextiltechnikAachen\/\",\"https:\/\/twitter.com\/ita_rwthaachen\"]}]}<\/script>\n<!-- \/ Yoast SEO plugin. -->","yoast_head_json":{"title":"Composite Pr\u00fcfungen - ITA.Composites","robots":{"index":"index","follow":"follow","max-snippet":"max-snippet:-1","max-image-preview":"max-image-preview:large","max-video-preview":"max-video-preview:-1"},"canonical":"https:\/\/composites.ita-group.de\/en\/composite-pruefungen\/","og_locale":"en_GB","og_type":"article","og_title":"Composite Pr\u00fcfungen - ITA.Composites","og_description":"Composite Pr\u00fcfungen Pr\u00fcfverfahren f\u00fcr Composites Zugpr\u00fcfung (ZwickRoell)nach DIN EN ISO 527-4 \/ 527-5Dehnungsmessung durch Videoextensometer Druckpr\u00fcfung (ZwickRoell &#8211; Hydraulische Druckvorrichtung f\u00fcr Composites &#8211; HCCF) nach DIN EN ISO 14126Dehnungsmessung durch beidseitiges DMS-System Interlaminare Scherfestigkeit (ZwickRoell &#8211; ILSS-Vorrichtung) nach DIN EN ISO 14130 \/ ASTM 2344 Compression after Impact (ZwickRoell &#8211; CAI-Vorrichtung) nach ASTM D7137 \/...","og_url":"https:\/\/composites.ita-group.de\/en\/composite-pruefungen\/","og_site_name":"ITA.Composites","article_publisher":"https:\/\/de-de.facebook.com\/TextiltechnikAachen\/","article_modified_time":"2021-05-18T16:33:06+00:00","og_image":[{"url":"http:\/\/composites.ita-group.de\/wp-content\/uploads\/2021\/03\/HCCF_2-e1616685991280-1024x768.png"}],"twitter_card":"summary_large_image","twitter_site":"@ita_rwthaachen","twitter_misc":{"Estimated reading time":"1 minute"},"schema":{"@context":"https:\/\/schema.org","@graph":[{"@type":"WebPage","@id":"https:\/\/composites.ita-group.de\/composite-pruefungen\/","url":"https:\/\/composites.ita-group.de\/composite-pruefungen\/","name":"Composite Pr\u00fcfungen - ITA.Composites","isPartOf":{"@id":"https:\/\/composites.ita-group.de\/#website"},"datePublished":"2020-05-14T12:28:05+00:00","dateModified":"2021-05-18T16:33:06+00:00","breadcrumb":{"@id":"https:\/\/composites.ita-group.de\/composite-pruefungen\/#breadcrumb"},"inLanguage":"en-GB","potentialAction":[{"@type":"ReadAction","target":["https:\/\/composites.ita-group.de\/composite-pruefungen\/"]}]},{"@type":"BreadcrumbList","@id":"https:\/\/composites.ita-group.de\/composite-pruefungen\/#breadcrumb","itemListElement":[{"@type":"ListItem","position":1,"name":"Startseite","item":"https:\/\/composites.ita-group.de\/"},{"@type":"ListItem","position":2,"name":"Composite Pr\u00fcfungen"}]},{"@type":"WebSite","@id":"https:\/\/composites.ita-group.de\/#website","url":"https:\/\/composites.ita-group.de\/","name":"ITA.Composites","description":"Website der ITA Composite Bereiche","publisher":{"@id":"https:\/\/composites.ita-group.de\/#organization"},"potentialAction":[{"@type":"SearchAction","target":{"@type":"EntryPoint","urlTemplate":"https:\/\/composites.ita-group.de\/?s={search_term_string}"},"query-input":"required name=search_term_string"}],"inLanguage":"en-GB"},{"@type":"Organization","@id":"https:\/\/composites.ita-group.de\/#organization","name":"RWTH Aachen Institut f\u00fcr Textiltechnik","url":"https:\/\/composites.ita-group.de\/","logo":{"@type":"ImageObject","inLanguage":"en-GB","@id":"https:\/\/composites.ita-group.de\/#\/schema\/logo\/image\/","url":"https:\/\/composites.ita-group.de\/wp-content\/uploads\/2022\/06\/dkiM4t9q_400x400.png","contentUrl":"https:\/\/composites.ita-group.de\/wp-content\/uploads\/2022\/06\/dkiM4t9q_400x400.png","width":372,"height":372,"caption":"RWTH Aachen Institut f\u00fcr Textiltechnik"},"image":{"@id":"https:\/\/composites.ita-group.de\/#\/schema\/logo\/image\/"},"sameAs":["https:\/\/de-de.facebook.com\/TextiltechnikAachen\/","https:\/\/twitter.com\/ita_rwthaachen"]}]}},"_links":{"self":[{"href":"https:\/\/composites.ita-group.de\/en\/wp-json\/wp\/v2\/pages\/58"}],"collection":[{"href":"https:\/\/composites.ita-group.de\/en\/wp-json\/wp\/v2\/pages"}],"about":[{"href":"https:\/\/composites.ita-group.de\/en\/wp-json\/wp\/v2\/types\/page"}],"author":[{"embeddable":true,"href":"https:\/\/composites.ita-group.de\/en\/wp-json\/wp\/v2\/users\/1"}],"replies":[{"embeddable":true,"href":"https:\/\/composites.ita-group.de\/en\/wp-json\/wp\/v2\/comments?post=58"}],"version-history":[{"count":14,"href":"https:\/\/composites.ita-group.de\/en\/wp-json\/wp\/v2\/pages\/58\/revisions"}],"predecessor-version":[{"id":462,"href":"https:\/\/composites.ita-group.de\/en\/wp-json\/wp\/v2\/pages\/58\/revisions\/462"}],"wp:attachment":[{"href":"https:\/\/composites.ita-group.de\/en\/wp-json\/wp\/v2\/media?parent=58"}],"curies":[{"name":"wp","href":"https:\/\/api.w.org\/{rel}","templated":true}]}}